{"id":110,"date":"2023-06-05T12:33:49","date_gmt":"2023-06-05T10:33:49","guid":{"rendered":"https:\/\/medvede.wolf.sk\/?page_id=110"},"modified":"2023-06-05T12:35:11","modified_gmt":"2023-06-05T10:35:11","slug":"fotogaleria-vnadisk","status":"publish","type":"page","link":"https:\/\/medvede.wolf.sk\/en\/mcmedved\/fotogaleria-vnadisk\/","title":{"rendered":"(Sloven\u010dina) Fotogal\u00e9ria vnad\u00edsk"},"content":{"rendered":"","protected":false},"excerpt":{"rendered":"","protected":false},"author":1,"featured_media":0,"parent":70,"menu_order":0,"comment_status":"closed","ping_status":"closed","template":"","meta":{"ngg_post_thumbnail":0,"footnotes":""},"class_list":["post-110","page","type-page","status-publish","hentry"],"_links":{"self":[{"href":"https:\/\/medvede.wolf.sk\/en\/wp-json\/wp\/v2\/pages\/110","targetHints":{"allow":["GET"]}}],"collection":[{"href":"https:\/\/medvede.wolf.sk\/en\/wp-json\/wp\/v2\/pages"}],"about":[{"href":"https:\/\/medvede.wolf.sk\/en\/wp-json\/wp\/v2\/types\/page"}],"author":[{"embeddable":true,"href":"https:\/\/medvede.wolf.sk\/en\/wp-json\/wp\/v2\/users\/1"}],"replies":[{"embeddable":true,"href":"https:\/\/medvede.wolf.sk\/en\/wp-json\/wp\/v2\/comments?post=110"}],"version-history":[{"count":1,"href":"https:\/\/medvede.wolf.sk\/en\/wp-json\/wp\/v2\/pages\/110\/revisions"}],"predecessor-version":[{"id":111,"href":"https:\/\/medvede.wolf.sk\/en\/wp-json\/wp\/v2\/pages\/110\/revisions\/111"}],"up":[{"embeddable":true,"href":"https:\/\/medvede.wolf.sk\/en\/wp-json\/wp\/v2\/pages\/70"}],"wp:attachment":[{"href":"https:\/\/medvede.wolf.sk\/en\/wp-json\/wp\/v2\/media?parent=110"}],"curies":[{"name":"wp","href":"https:\/\/api.w.org\/{rel}","templated":true}]}}